{"id":4033,"date":"2022-09-30T17:56:44","date_gmt":"2022-09-30T17:56:44","guid":{"rendered":"https:\/\/www.innergys.com\/our-story\/"},"modified":"2026-04-19T10:14:48","modified_gmt":"2026-04-19T10:14:48","slug":"a-propos","status":"publish","type":"page","link":"https:\/\/www.innergys.com\/fr\/a-propos\/","title":{"rendered":"Notre Histoire"},"content":{"rendered":"<p><div class=\"fusion-fullwidth fullwidth-box fusion-builder-row-1 fusion-flex-container has-pattern-background has-mask-background nonhundred-percent-fullwidth non-hundred-percent-height-scrolling\" style=\"--awb-border-radius-top-left:0px;--awb-border-radius-top-right:0px;--awb-border-radius-bottom-right:0px;--awb-border-radius-bottom-left:0px;--awb-padding-top:80px;--awb-padding-bottom:60px;--awb-margin-top:0px;--awb-margin-bottom:0px;--awb-background-color:var(--awb-color2);--awb-flex-wrap:wrap;\" ><div class=\"fusion-builder-row fusion-row fusion-flex-align-items-flex-start fusion-flex-justify-content-center fusion-flex-content-wrap\" style=\"max-width:1372.8px;margin-left: calc(-4% \/ 2 );margin-right: calc(-4% \/ 2 );\"><div class=\"fusion-layout-column fusion_builder_column fusion-builder-column-0 fusion_builder_column_1_2 1_2 fusion-flex-column fusion-flex-align-self-stretch\" style=\"--awb-overflow:hidden;--awb-bg-position:center top;--awb-bg-size:cover;--awb-border-radius:0px 0px 0px 25px;--awb-width-large:50%;--awb-margin-top-large:0px;--awb-spacing-right-large:3.84%;--awb-margin-bottom-large:0px;--awb-spacing-left-large:3.84%;--awb-width-medium:50%;--awb-order-medium:0;--awb-spacing-right-medium:3.84%;--awb-spacing-left-medium:3.84%;--awb-width-small:100%;--awb-order-small:0;--awb-spacing-right-small:1.92%;--awb-spacing-left-small:1.92%;\" data-scroll-devices=\"small-visibility,medium-visibility,large-visibility\"><div class=\"fusion-column-wrapper fusion-column-has-shadow fusion-flex-justify-content-flex-start fusion-content-layout-column\"><div class=\"fusion-text fusion-text-1 sm-text-align-center\" style=\"--awb-content-alignment:justify;--awb-font-size:18px;--awb-line-height:var(--awb-typography2-line-height);--awb-letter-spacing:var(--awb-typography2-letter-spacing);--awb-text-transform:var(--awb-typography2-text-transform);--awb-text-color:var(--awb-color8);--awb-text-font-family:var(--awb-typography2-font-family);--awb-text-font-weight:var(--awb-typography2-font-weight);--awb-text-font-style:var(--awb-typography2-font-style);\"><p data-path-to-node=\"2\"><strong style=\"color: #d12e56;\">La Fondation Canadienne<br \/>\n<\/strong>En 2006, l\u2019aventure INNERGYS a commenc\u00e9 avec la vision partag\u00e9e de trois jeunes \u00e9tudiants indiens \u00e0 Toronto et Vancouver, au Canada. Cette fondation nord-am\u00e9ricaine a instaur\u00e9 notre engagement de longue date envers une exp\u00e9rience client d\u2019\u00e9lite, une communication transparente et des standards de qualit\u00e9 internationaux \u2014 des valeurs que nous continuons d\u2019honorer aujourd\u2019hui dans l\u2019ensemble de nos op\u00e9rations mondiales.<\/p>\n<p data-path-to-node=\"3\"><strong style=\"color: #d12e56;\">P\u00f4les Technologiques en Inde<\/strong><br \/>\nAfin de d\u00e9livrer une ing\u00e9nierie de classe mondiale avec une efficacit\u00e9 maximale, nous avons \u00e9tabli nos principaux centres technologiques \u00e0 Pondich\u00e9ry et Trichy. Ces p\u00f4les regroupent notre \u00e9quipe d\u00e9di\u00e9e de 22 sp\u00e9cialistes, faisant ainsi le pont entre la strat\u00e9gie commerciale de haut niveau et l\u2019ex\u00e9cution technique, tout en garantissant des co\u00fbts op\u00e9rationnels optimis\u00e9s pour nos partenaires.<\/p>\n<p data-path-to-node=\"4\"><img decoding=\"async\" class=\"alignnone size-fusion-600 wp-image-3466\" src=\"https:\/\/www.innergys.com\/wp-content\/uploads\/2026\/01\/french_team-600x287.jpg\" alt=\"French Developers Team\" width=\"600\" height=\"287\" title=\"\"><\/p>\n<p data-path-to-node=\"4\"><strong style=\"color: #d12e56;\">La Connexion Fran\u00e7aise (Europe)<\/strong><br \/>\nEn plus de deux d\u00e9cennies, nous avons tiss\u00e9 un r\u00e9seau puissant \u00e0 travers l\u2019Europe, avec une pr\u00e9sence majeure en France et en Belgique. Gr\u00e2ce \u00e0 nos partenariats B2B \u00e0 Bruxelles, Paris et Nice, nous offrons un avantage strat\u00e9gique unique : un accompagnement natif en fran\u00e7ais pour garantir une exp\u00e9rience fluide et une proximit\u00e9 totale avec notre client\u00e8le europ\u00e9enne.<\/p>\n<\/div><\/div><\/div><div class=\"fusion-layout-column fusion_builder_column fusion-builder-column-1 fusion_builder_column_1_2 1_2 fusion-flex-column\" style=\"--awb-padding-right:50px;--awb-padding-left:50px;--awb-padding-left-medium:0px;--awb-padding-right-small:0px;--awb-padding-left-small:0px;--awb-bg-size:cover;--awb-width-large:50%;--awb-margin-top-large:0px;--awb-spacing-right-large:3.84%;--awb-margin-bottom-large:0px;--awb-spacing-left-large:3.84%;--awb-width-medium:50%;--awb-order-medium:0;--awb-spacing-right-medium:3.84%;--awb-spacing-left-medium:3.84%;--awb-width-small:100%;--awb-order-small:0;--awb-margin-top-small:60px;--awb-spacing-right-small:1.92%;--awb-spacing-left-small:1.92%;\"><div class=\"fusion-column-wrapper fusion-column-has-shadow fusion-flex-justify-content-flex-start fusion-content-layout-column\"><div class=\"fusion-text fusion-text-2 sm-text-align-center\" style=\"--awb-content-alignment:justify;--awb-font-size:18px;--awb-line-height:var(--awb-typography2-line-height);--awb-letter-spacing:var(--awb-typography2-letter-spacing);--awb-text-transform:var(--awb-typography2-text-transform);--awb-text-color:var(--awb-color8);--awb-text-font-family:var(--awb-typography2-font-family);--awb-text-font-weight:var(--awb-typography2-font-weight);--awb-text-font-style:var(--awb-typography2-font-style);\"><p data-path-to-node=\"5\"><strong style=\"color: #d12e56;\">P\u00f4le R\u00e9gional au Maroc<\/strong><br \/>\nNotre centre de d\u00e9veloppement \u00e0 Tanger, au Maroc, constitue un pont essentiel entre les march\u00e9s africain et europ\u00e9en. Ce p\u00f4le strat\u00e9gique est d\u00e9di\u00e9 \u00e0 l\u2019accompagnement des startups africaines via des technologies \u00e9volutives, tout en agissant comme une passerelle de proximit\u00e9 (nearshore) pour nos partenaires de la r\u00e9gion m\u00e9diterran\u00e9enne.<\/p>\n<p data-path-to-node=\"5\"><img decoding=\"async\" class=\"alignnone wp-image-3880 size-fusion-600\" src=\"https:\/\/www.innergys.com\/wp-content\/uploads\/2026\/02\/TechnoPark-Tangier-Morocco-e1770287387218.avif\" alt=\"\" width=\"600\" height=\"296\" title=\"\" srcset=\"https:\/\/www.innergys.com\/wp-content\/uploads\/2026\/02\/TechnoPark-Tangier-Morocco-e1770287387218-200x99.avif 200w, https:\/\/www.innergys.com\/wp-content\/uploads\/2026\/02\/TechnoPark-Tangier-Morocco-e1770287387218-300x148.avif 300w, https:\/\/www.innergys.com\/wp-content\/uploads\/2026\/02\/TechnoPark-Tangier-Morocco-e1770287387218-400x197.avif 400w, https:\/\/www.innergys.com\/wp-content\/uploads\/2026\/02\/TechnoPark-Tangier-Morocco-e1770287387218-600x296.avif 600w, https:\/\/www.innergys.com\/wp-content\/uploads\/2026\/02\/TechnoPark-Tangier-Morocco-e1770287387218-768x379.avif 768w, https:\/\/www.innergys.com\/wp-content\/uploads\/2026\/02\/TechnoPark-Tangier-Morocco-e1770287387218-800x394.avif 800w, https:\/\/www.innergys.com\/wp-content\/uploads\/2026\/02\/TechnoPark-Tangier-Morocco-e1770287387218-1024x505.avif 1024w, https:\/\/www.innergys.com\/wp-content\/uploads\/2026\/02\/TechnoPark-Tangier-Morocco-e1770287387218.avif 1146w\" sizes=\"(max-width: 600px) 100vw, 600px\" \/><\/p>\n<p data-path-to-node=\"6\"><strong style=\"color: #d12e56;\">Un H\u00e9ritage Mondial de R\u00e9ussite<\/strong><br \/>\nAujourd\u2019hui, INNERGYS est un v\u00e9ritable moteur d\u2019innovation multiculturel, g\u00e9rant des projets complexes de l\u2019Australie \u00e0 l\u2019Am\u00e9rique du Nord. Forts de 20 ans d\u2019exp\u00e9rience au c\u0153ur de l\u2019\u00e9volution digitale, nous continuons de travailler en \u00e9troite collaboration avec chaque client pour transformer leur vision en une r\u00e9ussite durable sur le web.<\/p>\n<\/div><div class=\"fusion-separator fusion-no-medium-visibility fusion-no-large-visibility\" style=\"align-self: center;margin-left: auto;margin-right: auto;width:100%;max-width:325px;\"><div class=\"fusion-separator-border sep-single sep-dotted\" style=\"--awb-height:20px;--awb-amount:20px;--awb-sep-color:var(--awb-color4);border-color:var(--awb-color4);border-top-width:1px;\"><\/div><\/div><div class=\"fusion-text fusion-text-3\"><p>Actualit\u00e9s &amp; Articles<\/p>\n<\/div><div ><a class=\"fusion-button button-flat fusion-button-default-size button-default fusion-button-default button-1 fusion-button-default-span fusion-button-default-type\" target=\"_self\" href=\"https:\/\/www.innergys.com\/fr\/blog\/\"><span class=\"fusion-button-text awb-button__text awb-button__text--default\">D\u00e9couvrir notre blog<\/span><\/a><\/div><\/div><\/div><\/div><\/div><div class=\"fusion-fullwidth fullwidth-box fusion-builder-row-2 fusion-flex-container has-pattern-background has-mask-background nonhundred-percent-fullwidth non-hundred-percent-height-scrolling\" style=\"--awb-border-radius-top-left:0px;--awb-border-radius-top-right:0px;--awb-border-radius-bottom-right:0px;--awb-border-radius-bottom-left:0px;--awb-padding-top:60px;--awb-padding-bottom:60px;--awb-background-color:var(--awb-color1);--awb-flex-wrap:wrap;\" ><div class=\"fusion-builder-row fusion-row fusion-flex-align-items-flex-start fusion-flex-justify-content-center fusion-flex-content-wrap\" style=\"max-width:1372.8px;margin-left: calc(-4% \/ 2 );margin-right: calc(-4% \/ 2 );\"><div class=\"fusion-layout-column fusion_builder_column fusion-builder-column-2 fusion_builder_column_4_5 4_5 fusion-flex-column\" style=\"--awb-bg-size:cover;--awb-width-large:80%;--awb-margin-top-large:0px;--awb-spacing-right-large:12%;--awb-margin-bottom-large:0px;--awb-spacing-left-large:12%;--awb-width-medium:83.333333333333%;--awb-order-medium:0;--awb-spacing-right-medium:4.608%;--awb-spacing-left-medium:4.608%;--awb-width-small:100%;--awb-order-small:0;--awb-spacing-right-small:1.92%;--awb-spacing-left-small:1.92%;\"><div class=\"fusion-column-wrapper fusion-column-has-shadow fusion-flex-justify-content-flex-start fusion-content-layout-column\"><div class=\"fusion-title title fusion-title-1 fusion-sep-none fusion-title-center fusion-title-text fusion-title-size-two\" style=\"--awb-margin-top:20px;\"><h2 class=\"fusion-title-heading title-heading-center\" style=\"margin:0;\">Rencontrez notre \u00e9quipe d&rsquo;experts<\/h2><\/div><div class=\"fusion-text fusion-text-4 fusion-text-no-margin\" style=\"--awb-content-alignment:center;--awb-font-size:18px;--awb-margin-right:6%;--awb-margin-bottom:60px;--awb-margin-left:6%;--awb-text-font-family:&quot;Mulish&quot;;--awb-text-font-style:normal;--awb-text-font-weight:400;\"><p>Bien plus que des d\u00e9veloppeurs, nous sommes vos partenaires \u00e0 long terme. Nous comblons le foss\u00e9 entre vos id\u00e9es ambitieuses et l\u2019excellence technique pour propulser votre entreprise vers l\u2019avant.<\/p>\n<\/div><\/div><\/div><div class=\"fusion-layout-column fusion_builder_column fusion-builder-column-3 fusion_builder_column_1_4 1_4 fusion-flex-column fusion-flex-align-self-stretch team-equal-height\" style=\"--awb-padding-top:10px;--awb-padding-right:10px;--awb-padding-bottom:10px;--awb-padding-left:10px;--awb-overflow:hidden;--awb-bg-size:cover;--awb-box-shadow:2px 2px 40px 0px hsla(var(--awb-color8-h),var(--awb-color8-s),var(--awb-color8-l),calc(var(--awb-color8-a) - 90%));;--awb-border-radius:10px 10px 10px 10px;--awb-width-large:25%;--awb-margin-top-large:0px;--awb-spacing-right-large:10px;--awb-margin-bottom-large:0px;--awb-spacing-left-large:10px;--awb-width-medium:50%;--awb-order-medium:0;--awb-spacing-right-medium:10px;--awb-margin-bottom-medium:60px;--awb-spacing-left-medium:10px;--awb-width-small:100%;--awb-order-small:0;--awb-spacing-right-small:1.92%;--awb-spacing-left-small:1.92%;\" data-scroll-devices=\"small-visibility,medium-visibility,large-visibility\"><div class=\"fusion-column-wrapper fusion-column-has-shadow fusion-flex-justify-content-flex-start fusion-content-layout-row fusion-flex-align-items-stretch\"><div class=\"fusion-image-element \" style=\"--awb-aspect-ratio:2 \/ 3;--awb-caption-title-font-family:var(--h2_typography-font-family);--awb-caption-title-font-weight:var(--h2_typography-font-weight);--awb-caption-title-font-style:var(--h2_typography-font-style);--awb-caption-title-size:var(--h2_typography-font-size);--awb-caption-title-transform:var(--h2_typography-text-transform);--awb-caption-title-line-height:var(--h2_typography-line-height);--awb-caption-title-letter-spacing:var(--h2_typography-letter-spacing);\"><span class=\" fusion-imageframe imageframe-none imageframe-1 hover-type-zoomin has-aspect-ratio\" style=\"border-radius:5px;\"><img decoding=\"async\" width=\"768\" height=\"1020\" alt=\"Vinoth Gowrinathan - INNERGYS (Agence Web)\" title=\"Vinoth Gowrinathan &#8211; INNERGYS (Agence Web)\" src=\"https:\/\/www.innergys.com\/wp-content\/uploads\/2026\/01\/IMG_2956-e1769865264760.jpg\" class=\"img-responsive wp-image-3950 img-with-aspect-ratio\" data-parent-fit=\"cover\" data-parent-container=\".fusion-image-element\" srcset=\"https:\/\/www.innergys.com\/wp-content\/uploads\/2026\/01\/IMG_2956-e1769865264760-200x266.jpg 200w, https:\/\/www.innergys.com\/wp-content\/uploads\/2026\/01\/IMG_2956-e1769865264760-400x531.jpg 400w, https:\/\/www.innergys.com\/wp-content\/uploads\/2026\/01\/IMG_2956-e1769865264760-600x797.jpg 600w, https:\/\/www.innergys.com\/wp-content\/uploads\/2026\/01\/IMG_2956-e1769865264760.jpg 768w\" sizes=\"(max-width: 850px) 100vw, 400px\" \/><\/span><\/div><div class=\"fusion-text fusion-text-5 fusion-text-no-margin\" style=\"--awb-margin-top:5px;--awb-margin-bottom:0px;\"><p><strong>Vinoth Gowrinathan<\/strong><br \/>\nDirecteur G\u00e9n\u00e9ral<\/p>\n<\/div><\/div><\/div><div class=\"fusion-layout-column fusion_builder_column fusion-builder-column-4 fusion_builder_column_1_4 1_4 fusion-flex-column fusion-flex-align-self-stretch team-equal-height\" style=\"--awb-padding-top:10px;--awb-padding-right:10px;--awb-padding-bottom:10px;--awb-padding-left:10px;--awb-overflow:hidden;--awb-bg-size:cover;--awb-box-shadow:2px 2px 40px 0px hsla(var(--awb-color8-h),var(--awb-color8-s),var(--awb-color8-l),calc(var(--awb-color8-a) - 90%));;--awb-border-radius:10px 10px 10px 10px;--awb-width-large:25%;--awb-margin-top-large:0px;--awb-spacing-right-large:10px;--awb-margin-bottom-large:0px;--awb-spacing-left-large:10px;--awb-width-medium:50%;--awb-order-medium:0;--awb-spacing-right-medium:10px;--awb-margin-bottom-medium:60px;--awb-spacing-left-medium:10px;--awb-width-small:100%;--awb-order-small:0;--awb-spacing-right-small:1.92%;--awb-spacing-left-small:1.92%;\" data-scroll-devices=\"small-visibility,medium-visibility,large-visibility\"><div class=\"fusion-column-wrapper fusion-column-has-shadow fusion-flex-justify-content-flex-start fusion-content-layout-row fusion-flex-align-items-stretch\"><div class=\"fusion-image-element \" style=\"--awb-aspect-ratio:2 \/ 3;--awb-object-position:47% 30%;--awb-caption-title-font-family:var(--h2_typography-font-family);--awb-caption-title-font-weight:var(--h2_typography-font-weight);--awb-caption-title-font-style:var(--h2_typography-font-style);--awb-caption-title-size:var(--h2_typography-font-size);--awb-caption-title-transform:var(--h2_typography-text-transform);--awb-caption-title-line-height:var(--h2_typography-line-height);--awb-caption-title-letter-spacing:var(--h2_typography-letter-spacing);\"><span class=\" fusion-imageframe imageframe-none imageframe-2 hover-type-zoomin has-aspect-ratio\" style=\"border-radius:5px;\"><img decoding=\"async\" width=\"600\" height=\"804\" alt=\"Agence Web en Inde\" title=\"Agence Web en Inde\" src=\"https:\/\/www.innergys.com\/wp-content\/uploads\/2026\/02\/Wadoud-Benthami-Web-Mobile-Developer.jpg\" class=\"img-responsive wp-image-3951 img-with-aspect-ratio\" data-parent-fit=\"cover\" data-parent-container=\".fusion-image-element\" srcset=\"https:\/\/www.innergys.com\/wp-content\/uploads\/2026\/02\/Wadoud-Benthami-Web-Mobile-Developer-200x268.jpg 200w, https:\/\/www.innergys.com\/wp-content\/uploads\/2026\/02\/Wadoud-Benthami-Web-Mobile-Developer-400x536.jpg 400w, https:\/\/www.innergys.com\/wp-content\/uploads\/2026\/02\/Wadoud-Benthami-Web-Mobile-Developer.jpg 600w\" sizes=\"(max-width: 850px) 100vw, 400px\" \/><\/span><\/div><div class=\"fusion-text fusion-text-6 fusion-text-no-margin\" style=\"--awb-margin-top:5px;--awb-margin-bottom:0px;\"><p><strong>Wadoud Benthami<\/strong><br \/>\nDirectrice r\u00e9gionale (Maroc)<\/p>\n<\/div><\/div><\/div><div class=\"fusion-layout-column fusion_builder_column fusion-builder-column-5 fusion_builder_column_1_2 1_2 fusion-flex-column fusion-flex-align-self-stretch team-equal-height\" style=\"--awb-padding-top:10px;--awb-padding-right:10px;--awb-padding-bottom:10px;--awb-padding-left:10px;--awb-overflow:hidden;--awb-bg-size:cover;--awb-box-shadow:2px 2px 40px 0px hsla(var(--awb-color8-h),var(--awb-color8-s),var(--awb-color8-l),calc(var(--awb-color8-a) - 90%));;--awb-border-radius:10px 10px 10px 10px;--awb-width-large:50%;--awb-margin-top-large:0px;--awb-spacing-right-large:10px;--awb-margin-bottom-large:0px;--awb-spacing-left-large:10px;--awb-width-medium:50%;--awb-order-medium:0;--awb-spacing-right-medium:10px;--awb-margin-bottom-medium:60px;--awb-spacing-left-medium:10px;--awb-width-small:100%;--awb-order-small:0;--awb-spacing-right-small:1.92%;--awb-spacing-left-small:1.92%;\" data-scroll-devices=\"small-visibility,medium-visibility,large-visibility\"><div class=\"fusion-column-wrapper fusion-column-has-shadow fusion-flex-justify-content-flex-start fusion-content-layout-row fusion-flex-align-items-stretch\"><div class=\"fusion-image-element \" style=\"--awb-aspect-ratio:5 \/ 4;--awb-object-position:12% 54%;--awb-caption-title-font-family:var(--h2_typography-font-family);--awb-caption-title-font-weight:var(--h2_typography-font-weight);--awb-caption-title-font-style:var(--h2_typography-font-style);--awb-caption-title-size:var(--h2_typography-font-size);--awb-caption-title-transform:var(--h2_typography-text-transform);--awb-caption-title-line-height:var(--h2_typography-line-height);--awb-caption-title-letter-spacing:var(--h2_typography-letter-spacing);\"><span class=\" fusion-imageframe imageframe-none imageframe-3 hover-type-zoomin has-aspect-ratio\" style=\"border-radius:5px;\"><img decoding=\"async\" width=\"846\" height=\"435\" alt=\"D\u00e9veloppeurs Web en Inde\" title=\"D\u00e9veloppeurs Web en Inde\" src=\"https:\/\/www.innergys.com\/wp-content\/uploads\/2026\/02\/office-floor.png\" class=\"img-responsive wp-image-3952 img-with-aspect-ratio\" data-parent-fit=\"cover\" data-parent-container=\".fusion-image-element\" fetchpriority=\"low\" srcset=\"https:\/\/www.innergys.com\/wp-content\/uploads\/2026\/02\/office-floor-200x103.png 200w, https:\/\/www.innergys.com\/wp-content\/uploads\/2026\/02\/office-floor-400x206.png 400w, https:\/\/www.innergys.com\/wp-content\/uploads\/2026\/02\/office-floor-600x309.png 600w, https:\/\/www.innergys.com\/wp-content\/uploads\/2026\/02\/office-floor-800x411.png 800w, https:\/\/www.innergys.com\/wp-content\/uploads\/2026\/02\/office-floor.png 846w\" sizes=\"(max-width: 850px) 100vw, 800px\" \/><\/span><\/div><\/div><\/div><\/div><\/div><\/p>\n","protected":false},"excerpt":{"rendered":"","protected":false},"author":1,"featured_media":0,"parent":0,"menu_order":0,"comment_status":"closed","ping_status":"closed","template":"100-width.php","meta":{"_acf_changed":false,"footnotes":""},"class_list":["post-4033","page","type-page","status-publish","hentry"],"acf":[],"_links":{"self":[{"href":"https:\/\/www.innergys.com\/fr\/wp-json\/wp\/v2\/pages\/4033","targetHints":{"allow":["GET"]}}],"collection":[{"href":"https:\/\/www.innergys.com\/fr\/wp-json\/wp\/v2\/pages"}],"about":[{"href":"https:\/\/www.innergys.com\/fr\/wp-json\/wp\/v2\/types\/page"}],"author":[{"embeddable":true,"href":"https:\/\/www.innergys.com\/fr\/wp-json\/wp\/v2\/users\/1"}],"replies":[{"embeddable":true,"href":"https:\/\/www.innergys.com\/fr\/wp-json\/wp\/v2\/comments?post=4033"}],"version-history":[{"count":2,"href":"https:\/\/www.innergys.com\/fr\/wp-json\/wp\/v2\/pages\/4033\/revisions"}],"predecessor-version":[{"id":5712,"href":"https:\/\/www.innergys.com\/fr\/wp-json\/wp\/v2\/pages\/4033\/revisions\/5712"}],"wp:attachment":[{"href":"https:\/\/www.innergys.com\/fr\/wp-json\/wp\/v2\/media?parent=4033"}],"curies":[{"name":"wp","href":"https:\/\/api.w.org\/{rel}","templated":true}]}}