{"id":4010,"date":"2022-10-04T21:05:17","date_gmt":"2022-10-04T21:05:17","guid":{"rendered":"https:\/\/www.innergys.com\/services\/"},"modified":"2026-03-23T18:51:51","modified_gmt":"2026-03-23T18:51:51","slug":"services","status":"publish","type":"page","link":"https:\/\/www.innergys.com\/fr\/services\/","title":{"rendered":"Nos Services"},"content":{"rendered":"<div class=\"fusion-fullwidth fullwidth-box fusion-builder-row-1 fusion-flex-container has-pattern-background has-mask-background nonhundred-percent-fullwidth non-hundred-percent-height-scrolling\" style=\"--awb-border-radius-top-left:0px;--awb-border-radius-top-right:0px;--awb-border-radius-bottom-right:0px;--awb-border-radius-bottom-left:0px;--awb-margin-top:20px;--awb-flex-wrap:wrap;\" id=\"services\" ><div class=\"fusion-builder-row fusion-row fusion-flex-align-items-flex-start fusion-flex-content-wrap\" style=\"max-width:1372.8px;margin-left: calc(-4% \/ 2 );margin-right: calc(-4% \/ 2 );\"><div class=\"fusion-layout-column fusion_builder_column fusion-builder-column-0 fusion_builder_column_1_1 1_1 fusion-flex-column\" style=\"--awb-bg-size:cover;--awb-width-large:100%;--awb-margin-top-large:40px;--awb-spacing-right-large:1.92%;--awb-margin-bottom-large:20px;--awb-spacing-left-large:1.92%;--awb-width-medium:100%;--awb-order-medium:0;--awb-spacing-right-medium:1.92%;--awb-spacing-left-medium:1.92%;--awb-width-small:100%;--awb-order-small:0;--awb-spacing-right-small:1.92%;--awb-spacing-left-small:1.92%;\" data-scroll-devices=\"small-visibility,medium-visibility,large-visibility\"><div class=\"fusion-column-wrapper fusion-column-has-shadow fusion-flex-justify-content-flex-start fusion-content-layout-column\"><div class=\"fusion-content-boxes content-boxes columns row fusion-columns-3 fusion-columns-total-9 fusion-content-boxes-1 content-boxes-icon-boxed content-left has-flex-alignment\" style=\"--awb-backgroundcolor:var(--awb-color2);--awb-border-radius-top-left:8px;--awb-border-radius-top-right:8px;--awb-border-radius-bottom-right:8px;--awb-border-radius-bottom-left:8px;--awb-alignment:stretch;--awb-hover-accent-color:var(--awb-color4);--awb-circle-hover-accent-color:var(--awb-color4);\" data-animationOffset=\"top-into-view\"><div style=\"--awb-backgroundcolor:var(--awb-color2);\" class=\"fusion-column content-box-column content-box-column content-box-column-1 col-lg-4 col-md-4 col-sm-4 fusion-content-box-hover content-box-column-first-in-row\"><div class=\"col content-box-wrapper content-wrapper-background content-wrapper-boxed link-area-link-icon link-type-text content-icon-wrapper-yes icon-hover-animation-fade\" data-animationOffset=\"top-into-view\"><div class=\"heading icon-left\"><a class=\"heading-link\" href=\"https:\/\/www.innergys.com\/fr\/services\/developpement-applications-web\/\" target=\"_self\"><h2 class=\"content-box-heading\" style=\"--h2_typography-font-size:26px;line-height:31px;\">D\u00e9veloppement d\u2019Applications Web<\/h2><\/a><\/div><div class=\"fusion-clearfix\"><\/div><div class=\"content-container\">\n<p>Plateformes SaaS, applications web enterprise, portails et int\u00e9grations API sur mesure \u2014 con\u00e7us pour la rapidit\u00e9, la s\u00e9curit\u00e9 et la scalabilit\u00e9.<\/p>\n<\/div><div class=\"fusion-clearfix\"><\/div><a class=\" fusion-read-more\" href=\"https:\/\/www.innergys.com\/fr\/services\/developpement-applications-web\/\" target=\"_self\">En savoir plus<\/a><div class=\"fusion-clearfix\"><\/div><\/div><\/div><div style=\"--awb-backgroundcolor:var(--awb-color2);\" class=\"fusion-column content-box-column content-box-column content-box-column-2 col-lg-4 col-md-4 col-sm-4 fusion-content-box-hover \"><div class=\"col content-box-wrapper content-wrapper-background content-wrapper-boxed link-area-link-icon link-type-text content-icon-wrapper-yes icon-hover-animation-fade\" data-animationOffset=\"top-into-view\"><div class=\"heading icon-left\"><a class=\"heading-link\" href=\"https:\/\/www.innergys.com\/fr\/services\/developpement-applications-mobiles\/\" target=\"_self\"><h2 class=\"content-box-heading\" style=\"--h2_typography-font-size:26px;line-height:31px;\">D\u00e9veloppement d\u2019Applications Mobiles<\/h2><\/a><\/div><div class=\"fusion-clearfix\"><\/div><div class=\"content-container\">\n<p>Applications mobiles natives iOS, Android et cross-platform \u2014 d\u00e9velopp\u00e9es pour la performance, l&rsquo;ergonomie et le succ\u00e8s en App Store.<\/p>\n<\/div><div class=\"fusion-clearfix\"><\/div><a class=\" fusion-read-more\" href=\"https:\/\/www.innergys.com\/fr\/services\/developpement-applications-mobiles\/\" target=\"_self\">En savoir plus<\/a><div class=\"fusion-clearfix\"><\/div><\/div><\/div><div style=\"--awb-backgroundcolor:var(--awb-color2);\" class=\"fusion-column content-box-column content-box-column content-box-column-3 col-lg-4 col-md-4 col-sm-4 fusion-content-box-hover content-box-column-last-in-row\"><div class=\"col content-box-wrapper content-wrapper-background content-wrapper-boxed link-area-link-icon link-type-text content-icon-wrapper-yes icon-hover-animation-fade\" data-animationOffset=\"top-into-view\"><div class=\"heading icon-left\"><a class=\"heading-link\" href=\"https:\/\/www.innergys.com\/fr\/services\/developpement-de-logiciels-et-produits\/\" target=\"_self\"><h2 class=\"content-box-heading\" style=\"--h2_typography-font-size:26px;line-height:31px;\">D\u00e9veloppement de Logiciels et de Produits<\/h2><\/a><\/div><div class=\"fusion-clearfix\"><\/div><div class=\"content-container\">\n<p>Logiciels sur mesure, CRM, ERP, MVPs SaaS et automatisation de workflows pour startups et entreprises.<\/p>\n<\/div><div class=\"fusion-clearfix\"><\/div><a class=\" fusion-read-more\" href=\"https:\/\/www.innergys.com\/fr\/services\/developpement-de-logiciels-et-produits\/\" target=\"_self\">En savoir plus<\/a><div class=\"fusion-clearfix\"><\/div><\/div><\/div><div style=\"--awb-backgroundcolor:var(--awb-color2);\" class=\"fusion-column content-box-column content-box-column content-box-column-4 col-lg-4 col-md-4 col-sm-4 fusion-content-box-hover content-box-column-first-in-row\"><div class=\"col content-box-wrapper content-wrapper-background content-wrapper-boxed link-area-link-icon link-type-text content-icon-wrapper-yes icon-hover-animation-fade\" data-animationOffset=\"top-into-view\"><div class=\"heading icon-left\"><a class=\"heading-link\" href=\"https:\/\/www.innergys.com\/fr\/services\/creation-de-sites-web\/\" target=\"_self\"><h2 class=\"content-box-heading\" style=\"--h2_typography-font-size:26px;line-height:31px;\">Cr\u00e9ation de sites web sur mesure<\/h2><\/a><\/div><div class=\"fusion-clearfix\"><\/div><div class=\"content-container\">\n<p>Sites web corporate \u00e0 fort taux de conversion, pages d&rsquo;atterrissage et plateformes de marque \u2014 sur WordPress, Webflow ou le CMS de votre choix.<\/p>\n<\/div><div class=\"fusion-clearfix\"><\/div><a class=\" fusion-read-more\" href=\"https:\/\/www.innergys.com\/fr\/services\/creation-de-sites-web\/\" target=\"_self\">En savoir plus<\/a><div class=\"fusion-clearfix\"><\/div><\/div><\/div><div style=\"--awb-backgroundcolor:var(--awb-color2);\" class=\"fusion-column content-box-column content-box-column content-box-column-5 col-lg-4 col-md-4 col-sm-4 fusion-content-box-hover \"><div class=\"col content-box-wrapper content-wrapper-background content-wrapper-boxed link-area-link-icon link-type-text content-icon-wrapper-yes icon-hover-animation-fade\" data-animationOffset=\"top-into-view\"><div class=\"heading icon-left\"><a class=\"heading-link\" href=\"https:\/\/www.innergys.com\/fr\/services\/developpement-de-sites-ecommerce\/\" target=\"_self\"><h2 class=\"content-box-heading\" style=\"--h2_typography-font-size:26px;line-height:31px;\">eCommerce et Marketplace<\/h2><\/a><\/div><div class=\"fusion-clearfix\"><\/div><div class=\"content-container\">\n<p>Boutiques en ligne et marketplaces multi-vendeurs sur WooCommerce, Shopify, Magento et PrestaShop \u2014 con\u00e7ues pour vendre \u00e0 l&rsquo;international.<\/p>\n<\/div><div class=\"fusion-clearfix\"><\/div><a class=\" fusion-read-more\" href=\"https:\/\/www.innergys.com\/fr\/services\/developpement-de-sites-ecommerce\/\" target=\"_self\">En savoir plus<\/a><div class=\"fusion-clearfix\"><\/div><\/div><\/div><div style=\"--awb-backgroundcolor:var(--awb-color2);\" class=\"fusion-column content-box-column content-box-column content-box-column-6 col-lg-4 col-md-4 col-sm-4 fusion-content-box-hover content-box-column-last-in-row\"><div class=\"col content-box-wrapper content-wrapper-background content-wrapper-boxed link-area-link-icon link-type-text content-icon-wrapper-yes icon-hover-animation-fade\" data-animationOffset=\"top-into-view\"><div class=\"heading icon-left\"><a class=\"heading-link\" href=\"https:\/\/www.innergys.com\/fr\/services\/integration-ia-automatisation\/\" target=\"_self\"><h2 class=\"content-box-heading\" style=\"--h2_typography-font-size:26px;line-height:31px;\">Int\u00e9gration de l\u2019IA et de l\u2019Automatisation<\/h2><\/a><\/div><div class=\"fusion-clearfix\"><\/div><div class=\"content-container\">\n<p>Agents IA sur mesure, int\u00e9gration LLM, syst\u00e8mes RAG et automatisation de workflows qui \u00e9liminent les t\u00e2ches manuelles et acc\u00e9l\u00e8rent les op\u00e9rations.<\/p>\n<\/div><div class=\"fusion-clearfix\"><\/div><a class=\" fusion-read-more\" href=\"https:\/\/www.innergys.com\/fr\/services\/integration-ia-automatisation\/\" target=\"_self\">En savoir plus<\/a><div class=\"fusion-clearfix\"><\/div><\/div><\/div><div style=\"--awb-backgroundcolor:var(--awb-color2);\" class=\"fusion-column content-box-column content-box-column content-box-column-7 col-lg-4 col-md-4 col-sm-4 fusion-content-box-hover content-box-column-first-in-row\"><div class=\"col content-box-wrapper content-wrapper-background content-wrapper-boxed link-area-link-icon link-type-text content-icon-wrapper-yes icon-hover-animation-fade\" data-animationOffset=\"top-into-view\"><div class=\"heading icon-left\"><a class=\"heading-link\" href=\"https:\/\/www.innergys.com\/fr\/services\/modernisation-migration-dapplications\/\" target=\"_self\"><h2 class=\"content-box-heading\" style=\"--h2_typography-font-size:26px;line-height:31px;\">Modernisation &amp; Migration<\/h2><\/a><\/div><div class=\"fusion-clearfix\"><\/div><div class=\"content-container\">\n<p>Refonte d&rsquo;applications legacy, migration cloud, migration de donn\u00e9es et re-platforming \u2014 z\u00e9ro perte de donn\u00e9es et interruption minimale.<\/p>\n<\/div><div class=\"fusion-clearfix\"><\/div><a class=\" fusion-read-more\" href=\"https:\/\/www.innergys.com\/fr\/services\/modernisation-migration-dapplications\/\" target=\"_self\">En savoir plus<\/a><div class=\"fusion-clearfix\"><\/div><\/div><\/div><div style=\"--awb-backgroundcolor:var(--awb-color2);\" class=\"fusion-column content-box-column content-box-column content-box-column-8 col-lg-4 col-md-4 col-sm-4 fusion-content-box-hover \"><div class=\"col content-box-wrapper content-wrapper-background content-wrapper-boxed link-area-link-icon link-type-text content-icon-wrapper-yes icon-hover-animation-fade\" data-animationOffset=\"top-into-view\"><div class=\"heading icon-left\"><a class=\"heading-link\" href=\"https:\/\/www.innergys.com\/fr\/services\/marketing-digital\/\" target=\"_self\"><h2 class=\"content-box-heading\" style=\"--h2_typography-font-size:26px;line-height:31px;\">Marketing Digital<\/h2><\/a><\/div><div class=\"fusion-clearfix\"><\/div><div class=\"content-container\">\n<p>Google Ads, publicit\u00e9 sur les r\u00e9seaux sociaux et gestion de communaut\u00e9 \u2014 des campagnes orient\u00e9es donn\u00e9es qui convertissent votre trafic en leads qualifi\u00e9s.<\/p>\n<\/div><div class=\"fusion-clearfix\"><\/div><a class=\" fusion-read-more\" href=\"https:\/\/www.innergys.com\/fr\/services\/marketing-digital\/\" target=\"_self\">En savoir plus<\/a><div class=\"fusion-clearfix\"><\/div><\/div><\/div><div style=\"--awb-backgroundcolor:var(--awb-color2);\" class=\"fusion-column content-box-column content-box-column content-box-column-9 col-lg-4 col-md-4 col-sm-4 fusion-content-box-hover content-box-column-last content-box-column-last-in-row\"><div class=\"col content-box-wrapper content-wrapper-background content-wrapper-boxed link-area-link-icon link-type-text content-icon-wrapper-yes icon-hover-animation-fade\" data-animationOffset=\"top-into-view\"><div class=\"heading icon-left\"><a class=\"heading-link\" href=\"https:\/\/www.innergys.com\/fr\/services\/referencement-naturel-seo\/\" target=\"_self\"><h2 class=\"content-box-heading\" style=\"--h2_typography-font-size:26px;line-height:31px;\">R\u00e9f\u00e9rencement Naturel (SEO)<\/h2><\/a><\/div><div class=\"fusion-clearfix\"><\/div><div class=\"content-container\">\n<p>SEO technique, optimisation on-page, SEO local et netlinking \u2014 pour d\u00e9velopper votre visibilit\u00e9 organique et attirer un trafic qualifi\u00e9.<\/p>\n<\/div><div class=\"fusion-clearfix\"><\/div><a class=\" fusion-read-more\" href=\"https:\/\/www.innergys.com\/fr\/services\/referencement-naturel-seo\/\" target=\"_self\">En savoir plus<\/a><div class=\"fusion-clearfix\"><\/div><\/div><\/div><div class=\"fusion-clearfix\"><\/div><\/div><\/div><\/div><\/div><\/div>\n","protected":false},"excerpt":{"rendered":"","protected":false},"author":1,"featured_media":0,"parent":0,"menu_order":0,"comment_status":"closed","ping_status":"closed","template":"100-width.php","meta":{"_acf_changed":false,"footnotes":""},"class_list":["post-4010","page","type-page","status-publish","hentry"],"acf":[],"_links":{"self":[{"href":"https:\/\/www.innergys.com\/fr\/wp-json\/wp\/v2\/pages\/4010","targetHints":{"allow":["GET"]}}],"collection":[{"href":"https:\/\/www.innergys.com\/fr\/wp-json\/wp\/v2\/pages"}],"about":[{"href":"https:\/\/www.innergys.com\/fr\/wp-json\/wp\/v2\/types\/page"}],"author":[{"embeddable":true,"href":"https:\/\/www.innergys.com\/fr\/wp-json\/wp\/v2\/users\/1"}],"replies":[{"embeddable":true,"href":"https:\/\/www.innergys.com\/fr\/wp-json\/wp\/v2\/comments?post=4010"}],"version-history":[{"count":0,"href":"https:\/\/www.innergys.com\/fr\/wp-json\/wp\/v2\/pages\/4010\/revisions"}],"wp:attachment":[{"href":"https:\/\/www.innergys.com\/fr\/wp-json\/wp\/v2\/media?parent=4010"}],"curies":[{"name":"wp","href":"https:\/\/api.w.org\/{rel}","templated":true}]}}